{"id":2071,"date":"2023-02-20T19:39:17","date_gmt":"2023-02-20T22:39:17","guid":{"rendered":"https:\/\/magimaju.com.br\/?page_id=2071"},"modified":"2023-02-20T19:45:55","modified_gmt":"2023-02-20T22:45:55","slug":"perguntas-frequentes-2","status":"publish","type":"page","link":"https:\/\/magimaju.com.br\/index.php\/perguntas-frequentes-2\/","title":{"rendered":"Perguntas Frequentes"},"content":{"rendered":"<style id=\"kb-rowlayout_2a6805-ae\">#kt-layout-id_2a6805-ae > .kt-row-column-wrap.kb-theme-content-width{max-width:1200px;}.kt-layout-id_2a6805-ae > .kb-theme-content-width{padding-left:var(--global-content-edge-padding);padding-right:var(--global-content-edge-padding);}#kt-layout-id_2a6805-ae{background-image:url('https:\/\/magimaju.com.br\/wp-content\/uploads\/2020\/10\/christopher-burns-BdVQU-NDtA8-unsplash.jpg');background-size:cover;background-position:center center;background-attachment:scroll;background-repeat:no-repeat;}#kt-layout-id_2a6805-ae > .kt-row-column-wrap{padding-top:150px;min-height:400px;}#kt-layout-id_2a6805-ae > .kt-row-layout-overlay{opacity:0.70;background-color:var(--global-palette7, #EDF2F7);}@media all and (max-width: 767px){#kt-layout-id_2a6805-ae > .kt-row-column-wrap{min-height:200px;}}<\/style>\n<div class=\"wp-block-kadence-rowlayout alignnone\"><div id=\"kt-layout-id_2a6805-ae\" class=\"kt-row-layout-inner kt-row-has-bg kt-layout-id_2a6805-ae\"><div class=\"kt-row-layout-overlay kt-row-overlay-normal\"><\/div><div class=\"kt-row-column-wrap kt-has-2-columns kt-gutter-default kt-v-gutter-default kt-row-valign-bottom kt-row-layout-equal kt-tab-layout-inherit kt-m-colapse-left-to-right kt-mobile-layout-row kb-theme-content-width\">\n<div class=\"wp-block-kadence-column inner-column-1 kadence-column_3c715d-45\"><div class=\"kt-inside-inner-col\"><style id=\"kb-advancedheading_a196ac-99\">#kt-adv-heading_a196ac-99, #kt-adv-heading_a196ac-99 .wp-block-kadence-advancedheading, .wp-block-kadence-advancedheading.kt-adv-heading_a196ac-99[data-kb-block=\"kb-adv-heading_a196ac-99\"], .kadence-advanced-heading-wrapper .kt-adv-heading_a196ac-99[data-kb-block=\"kb-adv-heading_a196ac-99\"]{font-size:60px;font-weight:normal;}#kt-adv-heading_a196ac-99 mark, #kt-adv-heading_a196ac-99 .wp-block-kadence-advancedheading mark, .kt-adv-heading_a196ac-99[data-kb-block=\"kb-adv-heading_a196ac-99\"] mark{font-weight:normal;padding:0px 0px 0px 0px;}@media all and (max-width: 1024px){#kt-adv-heading_a196ac-99, #kt-adv-heading_a196ac-99 .wp-block-kadence-advancedheading, .wp-block-kadence-advancedheading.kt-adv-heading_a196ac-99[data-kb-block=\"kb-adv-heading_a196ac-99\"], .kadence-advanced-heading-wrapper .kt-adv-heading_a196ac-99[data-kb-block=\"kb-adv-heading_a196ac-99\"]{font-size:50px;}}@media all and (max-width: 767px){#kt-adv-heading_a196ac-99, #kt-adv-heading_a196ac-99 .wp-block-kadence-advancedheading, .wp-block-kadence-advancedheading.kt-adv-heading_a196ac-99[data-kb-block=\"kb-adv-heading_a196ac-99\"], .kadence-advanced-heading-wrapper .kt-adv-heading_a196ac-99[data-kb-block=\"kb-adv-heading_a196ac-99\"]{font-size:40px;}}<\/style>\n<h1 class=\"kt-adv-heading_a196ac-99 wp-block-kadence-advancedheading has-theme-palette-3-color has-text-color\" data-kb-block=\"kb-adv-heading_a196ac-99\">Perguntas Frequentes<\/h1>\n<\/div><\/div>\n\n\n\n<div class=\"wp-block-kadence-column inner-column-2 kadence-column_baa76e-e8\"><div class=\"kt-inside-inner-col\"><\/div><\/div>\n<\/div><\/div><\/div>\n\n\n<style id=\"kb-rowlayout_557e4a-c4\">#kt-layout-id_557e4a-c4 > .kt-row-column-wrap.kb-theme-content-width{max-width:1200px;}.kt-layout-id_557e4a-c4 > .kb-theme-content-width{padding-left:var(--global-content-edge-padding);padding-right:var(--global-content-edge-padding);}#kt-layout-id_557e4a-c4 > .kt-row-column-wrap{padding-bottom:0px;}<\/style>\n<div class=\"wp-block-kadence-rowlayout alignnone\"><div id=\"kt-layout-id_557e4a-c4\" class=\"kt-row-layout-inner kt-layout-id_557e4a-c4\"><div class=\"kt-row-column-wrap kt-has-1-columns kt-gutter-default kt-v-gutter-default kt-row-valign-top kt-row-layout-equal kt-tab-layout-inherit kt-m-colapse-left-to-right kt-mobile-layout-row kb-theme-content-width\">\n<div class=\"wp-block-kadence-column inner-column-1 kadence-column_27cf73-26\"><div class=\"kt-inside-inner-col\">\n<p><strong>Como fa\u00e7o para consultar o prazo de entrega e\/ou o pre\u00e7o do frete antes de finalizar a compra?<\/strong><\/p>\n\n\n\n<p>O prazo de entrega vai depender do local e regi\u00e3o do destinat\u00e1rio. Voc\u00ea pode consultar o prazo de entrega e o valor do frete de um produto\u00a0informando seu CEP\u00a0nas\u00a0p\u00e1ginas de produto,\u00a0carrinho de compras\u00a0ou\u00a0fechamento de pedido.<\/p>\n\n\n\n<p><strong>Quais formas de pagamento?<\/strong><\/p>\n\n\n\n<p>Voc\u00ea poder\u00e1 escolher por pagar suas compras por\u00a0boleto banc\u00e1rio,\u00a0cart\u00f5es de cr\u00e9dito\u00a0em at\u00e9\u00a06x sem juros e por meio do pix.<\/p>\n\n\n\n<p><strong>Como acompanhar o status da entrega do meu pedido?<\/strong><\/p>\n\n\n\n<p>Para rastrear sua encomenda, copie e cole o c\u00f3digo de rastreio no site dos correios:\u00a0http:\/\/www2.correios.com.br\/sistemas\/rastreamento\/\u00a0e verifique o status da entrega. Seu c\u00f3digo de rastreio ser\u00e1 enviado em at\u00e9 4 dias em seu e-mail. Caso n\u00e3o tenha recebido, entre em contato pelo canal: contato@magimaju.com.br<\/p>\n\n\n\n<p><strong><strong>Em quanto tempo receberei meu produto solicitado na troca?<\/strong><\/strong><\/p>\n\n\n\n<p>Assim que recebermos de volta a mercadoria e ap\u00f3s an\u00e1lise das condi\u00e7\u00f5es, do produto e do pedido. Encaminharemos  o mais breve poss\u00edvel  em at\u00e9 2 dias \u00fateis o novo pedido.<\/p>\n\n\n\n<p><\/p>\n<\/div><\/div>\n<\/div><\/div><\/div>\n","protected":false},"excerpt":{"rendered":"<p>Perguntas Frequentes Como fa\u00e7o para consultar o prazo de entrega e\/ou o pre\u00e7o do frete antes de finalizar a compra? O prazo de entrega vai depender do local e regi\u00e3o do destinat\u00e1rio. Voc\u00ea pode consultar o prazo de entrega e o valor do frete de um produto\u00a0informando seu CEP\u00a0nas\u00a0p\u00e1ginas de produto,\u00a0carrinho de compras\u00a0ou\u00a0fechamento de pedido&#8230;.<\/p>\n","protected":false},"author":1,"featured_media":1173,"parent":0,"menu_order":0,"comment_status":"closed","ping_status":"closed","template":"","meta":{"_kad_post_transparent":"","_kad_post_title":"hide","_kad_post_layout":"fullwidth","_kad_post_sidebar_id":"","_kad_post_content_style":"unboxed","_kad_post_vertical_padding":"hide","_kad_post_feature":"","_kad_post_feature_position":"","_kad_post_header":false,"_kad_post_footer":false},"_links":{"self":[{"href":"https:\/\/magimaju.com.br\/index.php\/wp-json\/wp\/v2\/pages\/2071"}],"collection":[{"href":"https:\/\/magimaju.com.br\/index.php\/wp-json\/wp\/v2\/pages"}],"about":[{"href":"https:\/\/magimaju.com.br\/index.php\/wp-json\/wp\/v2\/types\/page"}],"author":[{"embeddable":true,"href":"https:\/\/magimaju.com.br\/index.php\/wp-json\/wp\/v2\/users\/1"}],"replies":[{"embeddable":true,"href":"https:\/\/magimaju.com.br\/index.php\/wp-json\/wp\/v2\/comments?post=2071"}],"version-history":[{"count":4,"href":"https:\/\/magimaju.com.br\/index.php\/wp-json\/wp\/v2\/pages\/2071\/revisions"}],"predecessor-version":[{"id":2076,"href":"https:\/\/magimaju.com.br\/index.php\/wp-json\/wp\/v2\/pages\/2071\/revisions\/2076"}],"wp:featuredmedia":[{"embeddable":true,"href":"https:\/\/magimaju.com.br\/index.php\/wp-json\/wp\/v2\/media\/1173"}],"wp:attachment":[{"href":"https:\/\/magimaju.com.br\/index.php\/wp-json\/wp\/v2\/media?parent=2071"}],"curies":[{"name":"wp","href":"https:\/\/api.w.org\/{rel}","templated":true}]}}