{"id":2061,"date":"2023-02-20T19:23:53","date_gmt":"2023-02-20T22:23:53","guid":{"rendered":"https:\/\/magimaju.com.br\/?page_id=2061"},"modified":"2023-02-20T19:30:12","modified_gmt":"2023-02-20T22:30:12","slug":"troca-e-devolucoes","status":"publish","type":"page","link":"https:\/\/magimaju.com.br\/index.php\/troca-e-devolucoes\/","title":{"rendered":"Troca e Devolu\u00e7\u00f5es"},"content":{"rendered":"<style id=\"kb-rowlayout_2a6805-ae\">#kt-layout-id_2a6805-ae > .kt-row-column-wrap.kb-theme-content-width{max-width:1200px;}.kt-layout-id_2a6805-ae > .kb-theme-content-width{padding-left:var(--global-content-edge-padding);padding-right:var(--global-content-edge-padding);}#kt-layout-id_2a6805-ae{background-image:url('https:\/\/magimaju.com.br\/wp-content\/uploads\/2020\/10\/christopher-burns-BdVQU-NDtA8-unsplash.jpg');background-size:cover;background-position:center center;background-attachment:scroll;background-repeat:no-repeat;}#kt-layout-id_2a6805-ae > .kt-row-column-wrap{padding-top:150px;min-height:400px;}#kt-layout-id_2a6805-ae > .kt-row-layout-overlay{opacity:0.70;background-color:var(--global-palette7, #EDF2F7);}@media all and (max-width: 767px){#kt-layout-id_2a6805-ae > .kt-row-column-wrap{min-height:200px;}}<\/style>\n<div class=\"wp-block-kadence-rowlayout alignnone\"><div id=\"kt-layout-id_2a6805-ae\" class=\"kt-row-layout-inner kt-row-has-bg kt-layout-id_2a6805-ae\"><div class=\"kt-row-layout-overlay kt-row-overlay-normal\"><\/div><div class=\"kt-row-column-wrap kt-has-2-columns kt-gutter-default kt-v-gutter-default kt-row-valign-bottom kt-row-layout-equal kt-tab-layout-inherit kt-m-colapse-left-to-right kt-mobile-layout-row kb-theme-content-width\">\n<div class=\"wp-block-kadence-column inner-column-1 kadence-column_3c715d-45\"><div class=\"kt-inside-inner-col\"><style id=\"kb-advancedheading_a196ac-99\">#kt-adv-heading_a196ac-99, #kt-adv-heading_a196ac-99 .wp-block-kadence-advancedheading, .wp-block-kadence-advancedheading.kt-adv-heading_a196ac-99[data-kb-block=\"kb-adv-heading_a196ac-99\"], .kadence-advanced-heading-wrapper .kt-adv-heading_a196ac-99[data-kb-block=\"kb-adv-heading_a196ac-99\"]{font-size:60px;font-weight:normal;}#kt-adv-heading_a196ac-99 mark, #kt-adv-heading_a196ac-99 .wp-block-kadence-advancedheading mark, .kt-adv-heading_a196ac-99[data-kb-block=\"kb-adv-heading_a196ac-99\"] mark{font-weight:normal;padding:0px 0px 0px 0px;}@media all and (max-width: 1024px){#kt-adv-heading_a196ac-99, #kt-adv-heading_a196ac-99 .wp-block-kadence-advancedheading, .wp-block-kadence-advancedheading.kt-adv-heading_a196ac-99[data-kb-block=\"kb-adv-heading_a196ac-99\"], .kadence-advanced-heading-wrapper .kt-adv-heading_a196ac-99[data-kb-block=\"kb-adv-heading_a196ac-99\"]{font-size:50px;}}@media all and (max-width: 767px){#kt-adv-heading_a196ac-99, #kt-adv-heading_a196ac-99 .wp-block-kadence-advancedheading, .wp-block-kadence-advancedheading.kt-adv-heading_a196ac-99[data-kb-block=\"kb-adv-heading_a196ac-99\"], .kadence-advanced-heading-wrapper .kt-adv-heading_a196ac-99[data-kb-block=\"kb-adv-heading_a196ac-99\"]{font-size:40px;}}<\/style>\n<h1 class=\"kt-adv-heading_a196ac-99 wp-block-kadence-advancedheading has-theme-palette-3-color has-text-color\" data-kb-block=\"kb-adv-heading_a196ac-99\">Troca e Devolu\u00e7\u00f5es<\/h1>\n<\/div><\/div>\n\n\n\n<div class=\"wp-block-kadence-column inner-column-2 kadence-column_baa76e-e8\"><div class=\"kt-inside-inner-col\"><\/div><\/div>\n<\/div><\/div><\/div>\n\n\n<style id=\"kb-rowlayout_557e4a-c4\">#kt-layout-id_557e4a-c4 > .kt-row-column-wrap.kb-theme-content-width{max-width:1200px;}.kt-layout-id_557e4a-c4 > .kb-theme-content-width{padding-left:var(--global-content-edge-padding);padding-right:var(--global-content-edge-padding);}#kt-layout-id_557e4a-c4 > .kt-row-column-wrap{padding-bottom:0px;}<\/style>\n<div class=\"wp-block-kadence-rowlayout alignnone\"><div id=\"kt-layout-id_557e4a-c4\" class=\"kt-row-layout-inner kt-layout-id_557e4a-c4\"><div class=\"kt-row-column-wrap kt-has-1-columns kt-gutter-default kt-v-gutter-default kt-row-valign-top kt-row-layout-equal kt-tab-layout-inherit kt-m-colapse-left-to-right kt-mobile-layout-row kb-theme-content-width\">\n<div class=\"wp-block-kadence-column inner-column-1 kadence-column_27cf73-26\"><div class=\"kt-inside-inner-col\">\n<p>Trabalhamos com o mais alto padr\u00e3o de qualidade, para oferecer a voc\u00ea, nosso(a) cliente, as melhores experi\u00eancias com a marca MagiMaju. Queremos real\u00e7ar sua beleza com nossos looks, pois toda mulher \u00e9 bela e \u00fanica. No entanto, caso n\u00e3o fique satisfeito(a), entre em contato com nossa Central de Atendimento que providenciaremos a troca do produto ou restitui\u00e7\u00e3o do valor investido, sempre seguindo as diretrizes do C\u00f3digo de Defesa do Consumidor.<\/p>\n\n\n\n<p><strong>contato@magimaju.com.br<\/strong> <\/p>\n\n\n\n<p>Voc\u00ea pode solicitar a troca ou devolu\u00e7\u00e3o de um produto em at\u00e9\u00a07 dias corridos\u00a0ap\u00f3s o recebimento do mesmo<\/p>\n\n\n\n<p>O produto deve ser devolvido na embalagem original (caso a embalagem original n\u00e3o esteja mais dispon\u00edvel, aceitamos a devolu\u00e7\u00e3o do produto em envelope similar), junto com a respectiva nota fiscal e eventuais complementos <\/p>\n\n\n\n<p>O produto deve ser devolvido sem ind\u00edcios de uso, isto \u00e9, da forma que foi recebido;<\/p>\n\n\n\n<p>Possibilitamos as trocas de pe\u00e7as desde que as mesmas estejam com a etiqueta (tag) fixada e a troca seja pelo mesmo modelo. Lembramos que nesses casos, os custos com os novos fretes, do cliente para a loja e da loja para o cliente, devem ser pagos pelo pr\u00f3prio cliente.<\/p>\n\n\n\n<p>Os custos de envio relacionados a log\u00edstica de devolu\u00e7\u00e3o, por defeito e arrependimento do produto, ser\u00e3o pagos pela empresa. O frete do novo envio para o cliente, no caso de devolu\u00e7\u00e3o por defeito, ser\u00e1 pago tamb\u00e9m pela empresa, quando comprovado o defeito do produto no pedido de origem.<\/p>\n\n\n\n<h2>Ressarcimento<\/h2>\n\n\n\n<p>Em caso de parecer t\u00e9cnico positivo para a an\u00e1lise da exist\u00eancia de defeito, ou arrependimento por parte do cliente. Faremos a troca ou reembolso do valor pago em at\u00e9 30 (trinta) dias ap\u00f3s a solicita\u00e7\u00e3o e devolu\u00e7\u00e3o do produto  comprado. Obs: A transfer\u00eancia n\u00e3o poder\u00e1 ser  feita em conta de terceiros.<\/p>\n\n\n\n<p>Caso o cliente solicite o cancelamento do pedido antes de ser entregue, e o mesmo j\u00e1 estiver a caminho, deve-se aguardar o produto chegar no endere\u00e7o cadastrado na compra e realizar a devolu\u00e7\u00e3o\u00a0e posteriormente ser\u00e1 feito o estorno.<\/p>\n\n\n\n<p><\/p>\n<\/div><\/div>\n<\/div><\/div><\/div>\n","protected":false},"excerpt":{"rendered":"<p>Troca e Devolu\u00e7\u00f5es Trabalhamos com o mais alto padr\u00e3o de qualidade, para oferecer a voc\u00ea, nosso(a) cliente, as melhores experi\u00eancias com a marca MagiMaju. Queremos real\u00e7ar sua beleza com nossos looks, pois toda mulher \u00e9 bela e \u00fanica. No entanto, caso n\u00e3o fique satisfeito(a), entre em contato com nossa Central de Atendimento que providenciaremos a&#8230;<\/p>\n","protected":false},"author":1,"featured_media":1173,"parent":0,"menu_order":0,"comment_status":"closed","ping_status":"closed","template":"","meta":{"_kad_post_transparent":"","_kad_post_title":"hide","_kad_post_layout":"fullwidth","_kad_post_sidebar_id":"","_kad_post_content_style":"unboxed","_kad_post_vertical_padding":"hide","_kad_post_feature":"","_kad_post_feature_position":"","_kad_post_header":false,"_kad_post_footer":false},"_links":{"self":[{"href":"https:\/\/magimaju.com.br\/index.php\/wp-json\/wp\/v2\/pages\/2061"}],"collection":[{"href":"https:\/\/magimaju.com.br\/index.php\/wp-json\/wp\/v2\/pages"}],"about":[{"href":"https:\/\/magimaju.com.br\/index.php\/wp-json\/wp\/v2\/types\/page"}],"author":[{"embeddable":true,"href":"https:\/\/magimaju.com.br\/index.php\/wp-json\/wp\/v2\/users\/1"}],"replies":[{"embeddable":true,"href":"https:\/\/magimaju.com.br\/index.php\/wp-json\/wp\/v2\/comments?post=2061"}],"version-history":[{"count":5,"href":"https:\/\/magimaju.com.br\/index.php\/wp-json\/wp\/v2\/pages\/2061\/revisions"}],"predecessor-version":[{"id":2066,"href":"https:\/\/magimaju.com.br\/index.php\/wp-json\/wp\/v2\/pages\/2061\/revisions\/2066"}],"wp:featuredmedia":[{"embeddable":true,"href":"https:\/\/magimaju.com.br\/index.php\/wp-json\/wp\/v2\/media\/1173"}],"wp:attachment":[{"href":"https:\/\/magimaju.com.br\/index.php\/wp-json\/wp\/v2\/media?parent=2061"}],"curies":[{"name":"wp","href":"https:\/\/api.w.org\/{rel}","templated":true}]}}