{"id":2048,"date":"2023-02-20T19:09:42","date_gmt":"2023-02-20T22:09:42","guid":{"rendered":"https:\/\/magimaju.com.br\/?page_id=2048"},"modified":"2023-02-20T19:20:33","modified_gmt":"2023-02-20T22:20:33","slug":"frete-e-entregas-2","status":"publish","type":"page","link":"https:\/\/magimaju.com.br\/index.php\/frete-e-entregas-2\/","title":{"rendered":"Frete e Entregas"},"content":{"rendered":"<style id=\"kb-rowlayout_2a6805-ae\">#kt-layout-id_2a6805-ae > .kt-row-column-wrap.kb-theme-content-width{max-width:1200px;}.kt-layout-id_2a6805-ae > .kb-theme-content-width{padding-left:var(--global-content-edge-padding);padding-right:var(--global-content-edge-padding);}#kt-layout-id_2a6805-ae{background-image:url('https:\/\/magimaju.com.br\/wp-content\/uploads\/2020\/10\/christopher-burns-BdVQU-NDtA8-unsplash.jpg');background-size:cover;background-position:center center;background-attachment:scroll;background-repeat:no-repeat;}#kt-layout-id_2a6805-ae > .kt-row-column-wrap{padding-top:150px;min-height:400px;}#kt-layout-id_2a6805-ae > .kt-row-layout-overlay{opacity:0.70;background-color:var(--global-palette7, #EDF2F7);}@media all and (max-width: 767px){#kt-layout-id_2a6805-ae > .kt-row-column-wrap{min-height:200px;}}<\/style>\n<div class=\"wp-block-kadence-rowlayout alignnone\"><div id=\"kt-layout-id_2a6805-ae\" class=\"kt-row-layout-inner kt-row-has-bg kt-layout-id_2a6805-ae\"><div class=\"kt-row-layout-overlay kt-row-overlay-normal\"><\/div><div class=\"kt-row-column-wrap kt-has-2-columns kt-gutter-default kt-v-gutter-default kt-row-valign-bottom kt-row-layout-equal kt-tab-layout-inherit kt-m-colapse-left-to-right kt-mobile-layout-row kb-theme-content-width\">\n<div class=\"wp-block-kadence-column inner-column-1 kadence-column_3c715d-45\"><div class=\"kt-inside-inner-col\"><style id=\"kb-advancedheading_a196ac-99\">#kt-adv-heading_a196ac-99, #kt-adv-heading_a196ac-99 .wp-block-kadence-advancedheading, .wp-block-kadence-advancedheading.kt-adv-heading_a196ac-99[data-kb-block=\"kb-adv-heading_a196ac-99\"], .kadence-advanced-heading-wrapper .kt-adv-heading_a196ac-99[data-kb-block=\"kb-adv-heading_a196ac-99\"]{font-size:60px;font-weight:normal;}#kt-adv-heading_a196ac-99 mark, #kt-adv-heading_a196ac-99 .wp-block-kadence-advancedheading mark, .kt-adv-heading_a196ac-99[data-kb-block=\"kb-adv-heading_a196ac-99\"] mark{font-weight:normal;padding:0px 0px 0px 0px;}@media all and (max-width: 1024px){#kt-adv-heading_a196ac-99, #kt-adv-heading_a196ac-99 .wp-block-kadence-advancedheading, .wp-block-kadence-advancedheading.kt-adv-heading_a196ac-99[data-kb-block=\"kb-adv-heading_a196ac-99\"], .kadence-advanced-heading-wrapper .kt-adv-heading_a196ac-99[data-kb-block=\"kb-adv-heading_a196ac-99\"]{font-size:50px;}}@media all and (max-width: 767px){#kt-adv-heading_a196ac-99, #kt-adv-heading_a196ac-99 .wp-block-kadence-advancedheading, .wp-block-kadence-advancedheading.kt-adv-heading_a196ac-99[data-kb-block=\"kb-adv-heading_a196ac-99\"], .kadence-advanced-heading-wrapper .kt-adv-heading_a196ac-99[data-kb-block=\"kb-adv-heading_a196ac-99\"]{font-size:40px;}}<\/style>\n<h1 class=\"kt-adv-heading_a196ac-99 wp-block-kadence-advancedheading has-theme-palette-3-color has-text-color\" data-kb-block=\"kb-adv-heading_a196ac-99\">Frete e Entregas<\/h1>\n<\/div><\/div>\n\n\n\n<div class=\"wp-block-kadence-column inner-column-2 kadence-column_baa76e-e8\"><div class=\"kt-inside-inner-col\"><\/div><\/div>\n<\/div><\/div><\/div>\n\n\n<style id=\"kb-rowlayout_557e4a-c4\">#kt-layout-id_557e4a-c4 > .kt-row-column-wrap.kb-theme-content-width{max-width:1200px;}.kt-layout-id_557e4a-c4 > .kb-theme-content-width{padding-left:var(--global-content-edge-padding);padding-right:var(--global-content-edge-padding);}#kt-layout-id_557e4a-c4 > .kt-row-column-wrap{padding-bottom:0px;}<\/style>\n<div class=\"wp-block-kadence-rowlayout alignnone\"><div id=\"kt-layout-id_557e4a-c4\" class=\"kt-row-layout-inner kt-layout-id_557e4a-c4\"><div class=\"kt-row-column-wrap kt-has-1-columns kt-gutter-default kt-v-gutter-default kt-row-valign-top kt-row-layout-equal kt-tab-layout-inherit kt-m-colapse-left-to-right kt-mobile-layout-row kb-theme-content-width\">\n<div class=\"wp-block-kadence-column inner-column-1 kadence-column_27cf73-26\"><div class=\"kt-inside-inner-col\">\n<p>Nossas mercadorias s\u00e3o entregues via correios. Por isso, orientamos alguns cuidados na hora do preenchimento do endere\u00e7o. Quando o endere\u00e7o do objeto est\u00e1 incompleto ou falta alguma informa\u00e7\u00e3o para que a entrega seja efetuada adequadamente (n\u00famero do im\u00f3vel, bloco residencial, nome do logradouro, nome do bairro, nome da localidade, etc.),&nbsp;a encomenda \u00e9 devolvida ao remetente. Em caso da entrega n\u00e3o ser realizada devido a diverg\u00eancia no endere\u00e7o informado pelo cliente, o cliente n\u00e3o tem direito ao reembolso, ser\u00e1 necess\u00e1rio o pagamento de um novo frete, no valor de 55 reais (valor do envio + taxa dos correios), para reenvio do produto.<\/p>\n\n\n\n<p>As entregas s\u00e3o realizadas de segunda \u00e0 sexta-feira em hor\u00e1rio comercial. Fique atento a data prevista de entrega. Caso haja uma tentativa de entrega frustrada no endere\u00e7o informado pelo cliente, a transportadora faz outras 3 tentativas, em dias diferentes. Em algumas regi\u00f5es, os Correios deixam o produto para retirada em ag\u00eancias pr\u00f3ximas ao endere\u00e7o do destinat\u00e1rio, em at\u00e9 7 dias corridos. Ao realizar uma compra em nosso site o cliente declara estar ciente e de acordo com as informa\u00e7\u00f5es descritas acima.                                                                                                            <\/p>\n\n\n\n<p><\/p>\n<\/div><\/div>\n<\/div><\/div><\/div>\n","protected":false},"excerpt":{"rendered":"<p>Frete e Entregas Nossas mercadorias s\u00e3o entregues via correios. Por isso, orientamos alguns cuidados na hora do preenchimento do endere\u00e7o. Quando o endere\u00e7o do objeto est\u00e1 incompleto ou falta alguma informa\u00e7\u00e3o para que a entrega seja efetuada adequadamente (n\u00famero do im\u00f3vel, bloco residencial, nome do logradouro, nome do bairro, nome da localidade, etc.),&nbsp;a encomenda \u00e9&#8230;<\/p>\n","protected":false},"author":1,"featured_media":1173,"parent":0,"menu_order":0,"comment_status":"closed","ping_status":"closed","template":"","meta":{"_kad_post_transparent":"","_kad_post_title":"hide","_kad_post_layout":"fullwidth","_kad_post_sidebar_id":"","_kad_post_content_style":"unboxed","_kad_post_vertical_padding":"hide","_kad_post_feature":"","_kad_post_feature_position":"","_kad_post_header":false,"_kad_post_footer":false},"_links":{"self":[{"href":"https:\/\/magimaju.com.br\/index.php\/wp-json\/wp\/v2\/pages\/2048"}],"collection":[{"href":"https:\/\/magimaju.com.br\/index.php\/wp-json\/wp\/v2\/pages"}],"about":[{"href":"https:\/\/magimaju.com.br\/index.php\/wp-json\/wp\/v2\/types\/page"}],"author":[{"embeddable":true,"href":"https:\/\/magimaju.com.br\/index.php\/wp-json\/wp\/v2\/users\/1"}],"replies":[{"embeddable":true,"href":"https:\/\/magimaju.com.br\/index.php\/wp-json\/wp\/v2\/comments?post=2048"}],"version-history":[{"count":8,"href":"https:\/\/magimaju.com.br\/index.php\/wp-json\/wp\/v2\/pages\/2048\/revisions"}],"predecessor-version":[{"id":2059,"href":"https:\/\/magimaju.com.br\/index.php\/wp-json\/wp\/v2\/pages\/2048\/revisions\/2059"}],"wp:featuredmedia":[{"embeddable":true,"href":"https:\/\/magimaju.com.br\/index.php\/wp-json\/wp\/v2\/media\/1173"}],"wp:attachment":[{"href":"https:\/\/magimaju.com.br\/index.php\/wp-json\/wp\/v2\/media?parent=2048"}],"curies":[{"name":"wp","href":"https:\/\/api.w.org\/{rel}","templated":true}]}}